{"id":169,"date":"2022-11-14T16:23:47","date_gmt":"2022-11-14T15:23:47","guid":{"rendered":"http:\/\/wpentwicklung.nyqaveca.cyon.site\/?page_id=169"},"modified":"2023-06-19T13:43:47","modified_gmt":"2023-06-19T11:43:47","slug":"ueber-uns","status":"publish","type":"page","link":"https:\/\/wpentwicklung.nyqaveca.cyon.site\/index.php\/ueber-uns\/","title":{"rendered":"\u00dcber uns"},"content":{"rendered":"<p>[et_pb_section fb_built=&#187;1&#8243; custom_padding_last_edited=&#187;on|tablet&#187; _builder_version=&#187;4.21.0&#8243; _module_preset=&#187;default&#187; background_color=&#187;rgba(36,36,33,0.4)&#187; background_image=&#187;https:\/\/wpentwicklung.nyqaveca.cyon.site\/wp-content\/uploads\/2023\/06\/headerbild-scaled.jpg&#187; background_position=&#187;top_center&#187; background_blend=&#187;multiply&#187; min_height=&#187;410px&#187; custom_padding=&#187;7%||||false|false&#187; custom_padding_tablet=&#187;110px|40px||40px|false|false&#187; custom_padding_phone=&#187;|20px||20px|false|false&#187; global_colors_info=&#187;{}&#187;][et_pb_row _builder_version=&#187;4.21.0&#8243; _module_preset=&#187;default&#187; width_tablet=&#187;100%&#187; width_phone=&#187;100%&#187; width_last_edited=&#187;on|tablet&#187; custom_padding=&#187;0px||0px||false|false&#187; global_colors_info=&#187;{}&#187;][et_pb_column type=&#187;4_4&#8243; _builder_version=&#187;4.21.0&#8243; _module_preset=&#187;default&#187; global_colors_info=&#187;{}&#187;][et_pb_text _builder_version=&#187;4.21.0&#8243; _module_preset=&#187;default&#187; text_font=&#187;Poppins|600|||||||&#187; text_text_color=&#187;#FCFBF5&#8243; text_font_size=&#187;17px&#187; text_letter_spacing=&#187;1px&#187; text_line_height=&#187;1.8em&#187; header_font=&#187;Bodoni Moda|700|on||||||&#187; header_text_color=&#187;#FCFBF5&#8243; header_font_size=&#187;51px&#187; header_letter_spacing=&#187;2px&#187; header_line_height=&#187;1.4em&#187; header_font_size_tablet=&#187;51px&#187; header_font_size_phone=&#187;37px&#187; header_font_size_last_edited=&#187;on|phone&#187; global_colors_info=&#187;{}&#187;]<\/p>\n<h1 style=\"text-align: center;\">Die wichtigste Stunde ist immer die Gegenwart, der bedeutendste Mensch immer der, der dir gerade gegen\u00fcbersteht\u2026<\/h1>\n<p style=\"text-align: center;\">Meister Eckhart<\/p>\n<p>[\/et_pb_text][\/et_pb_column][\/et_pb_row][\/et_pb_section][et_pb_section fb_built=&#187;1&#8243; custom_padding_last_edited=&#187;on|phone&#187; admin_label=&#187;Problem and Solution&#187; _builder_version=&#187;4.21.0&#8243; background_color=&#187;#075885&#8243; custom_padding=&#187;100px|0px|100px|0px|false|&#187; custom_padding_tablet=&#187;|40px||40px|false|false&#187; custom_padding_phone=&#187;|20px||20px|false|false&#187; global_colors_info=&#187;{}&#187;][et_pb_row _builder_version=&#187;4.19.0&#8243; _module_preset=&#187;default&#187; custom_padding=&#187;0px||||false|false&#187; global_colors_info=&#187;{}&#187;][et_pb_column type=&#187;4_4&#8243; _builder_version=&#187;4.19.0&#8243; _module_preset=&#187;default&#187; global_colors_info=&#187;{}&#187;][et_pb_text _builder_version=&#187;4.21.0&#8243; _module_preset=&#187;default&#187; text_font=&#187;Bodoni Moda|700|||||||&#187; text_text_color=&#187;#FCFBF5&#8243; text_font_size=&#187;33px&#187; text_letter_spacing=&#187;0.4px&#187; text_line_height=&#187;1.3em&#187; global_colors_info=&#187;{}&#187;]<\/p>\n<p style=\"text-align: center;\">Unser Credo<\/p>\n<p>[\/et_pb_text][\/et_pb_column][\/et_pb_row][et_pb_row column_structure=&#187;1_2,1_2&#8243; _builder_version=&#187;4.21.0&#8243; _module_preset=&#187;default&#187; width_tablet=&#187;100%&#187; width_phone=&#187;100%&#187; width_last_edited=&#187;on|tablet&#187; custom_padding=&#187;||50px|||&#187; global_colors_info=&#187;{}&#187;][et_pb_column type=&#187;1_2&#8243; _builder_version=&#187;4.19.0&#8243; _module_preset=&#187;default&#187; global_colors_info=&#187;{}&#187;][et_pb_text _builder_version=&#187;4.21.0&#8243; _module_preset=&#187;default&#187; text_font=&#187;Poppins|300|||||||&#187; text_text_color=&#187;#FCFBF5&#8243; text_font_size=&#187;17px&#187; text_letter_spacing=&#187;1px&#187; text_line_height=&#187;1.8em&#187; global_colors_info=&#187;{}&#187;]<\/p>\n<p>In meiner Praxis steht der Mensch im Mittelpunkt. Sorgf\u00e4ltig und gewissenhaft k\u00fcmmere ich mich um seine Beschwerden. Ich versuche, den gesamten Menschen ins Auge zu fassen.<\/p>\n<p>[\/et_pb_text][\/et_pb_column][et_pb_column type=&#187;1_2&#8243; _builder_version=&#187;4.19.0&#8243; _module_preset=&#187;default&#187; global_colors_info=&#187;{}&#187;][et_pb_text _builder_version=&#187;4.21.0&#8243; _module_preset=&#187;default&#187; text_font=&#187;Poppins|300|||||||&#187; text_text_color=&#187;#FCFBF5&#8243; text_font_size=&#187;17px&#187; text_letter_spacing=&#187;1px&#187; text_line_height=&#187;1.8em&#187; custom_margin=&#187;||15px|||&#187; global_colors_info=&#187;{}&#187;]<\/p>\n<p>Im Gespr\u00e4ch erarbeiten wir achtsam das weitere diagnostische und therapeutische Vorgehen. Die Vertrauensbildung ist hierf\u00fcr Voraussetzung und diese braucht Zeit. Diese vielseitige und herausfordernde Arbeit gef\u00e4llt mir sehr.<\/p>\n<p>[\/et_pb_text][\/et_pb_column][\/et_pb_row][et_pb_row column_structure=&#187;1_3,1_3,1_3&#8243; _builder_version=&#187;4.21.0&#8243; _module_preset=&#187;default&#187; width_tablet=&#187;100%&#187; width_phone=&#187;100%&#187; width_last_edited=&#187;on|tablet&#187; custom_padding=&#187;0px||0px||false|false&#187; global_colors_info=&#187;{}&#187;][et_pb_column type=&#187;1_3&#8243; _builder_version=&#187;4.21.0&#8243; _module_preset=&#187;default&#187; global_colors_info=&#187;{}&#187;][et_pb_text _builder_version=&#187;4.21.0&#8243; _module_preset=&#187;default&#187; text_font=&#187;Poppins|700||on|||||&#187; text_text_color=&#187;#FCFBF5&#8243; text_font_size=&#187;17px&#187; text_letter_spacing=&#187;2px&#187; text_line_height=&#187;1.3em&#187; text_orientation=&#187;center&#187; custom_margin=&#187;||17px||false|false&#187; hover_enabled=&#187;0&#8243; global_colors_info=&#187;{}&#187; sticky_enabled=&#187;0&#8243;]<\/p>\n<p>Menschlichkeit<\/p>\n<p>[\/et_pb_text][et_pb_image src=&#187;https:\/\/wpentwicklung.nyqaveca.cyon.site\/wp-content\/uploads\/2023\/06\/blume-1-100-1.jpg&#187; title_text=&#187;alle-blumen&#187; module_class=&#187;credo-flower&#187; _builder_version=&#187;4.21.0&#8243; _module_preset=&#187;default&#187; global_colors_info=&#187;{}&#187;][\/et_pb_image][\/et_pb_column][et_pb_column type=&#187;1_3&#8243; _builder_version=&#187;4.21.0&#8243; _module_preset=&#187;default&#187; global_colors_info=&#187;{}&#187;][et_pb_text _builder_version=&#187;4.21.0&#8243; _module_preset=&#187;default&#187; text_font=&#187;Poppins|700||on|||||&#187; text_text_color=&#187;#FCFBF5&#8243; text_font_size=&#187;17px&#187; text_letter_spacing=&#187;2px&#187; text_line_height=&#187;1.3em&#187; text_orientation=&#187;center&#187; min_height=&#187;17px&#187; custom_margin=&#187;||17px||false|false&#187; custom_padding=&#187;||0px|||&#187; hover_enabled=&#187;0&#8243; global_colors_info=&#187;{}&#187; sticky_enabled=&#187;0&#8243;]<\/p>\n<p>Ehrlichkeit<\/p>\n<p>[\/et_pb_text][et_pb_image src=&#187;https:\/\/wpentwicklung.nyqaveca.cyon.site\/wp-content\/uploads\/2023\/06\/arnica-montana-arnika-600px.jpg&#187; title_text=&#187;arnica-montana-arnika-600px&#187; module_class=&#187;credo-flower&#187; _builder_version=&#187;4.21.0&#8243; _module_preset=&#187;default&#187; global_colors_info=&#187;{}&#187;][\/et_pb_image][\/et_pb_column][et_pb_column type=&#187;1_3&#8243; _builder_version=&#187;4.21.0&#8243; _module_preset=&#187;default&#187; global_colors_info=&#187;{}&#187;][et_pb_text _builder_version=&#187;4.21.0&#8243; _module_preset=&#187;default&#187; text_font=&#187;Poppins|700||on|||||&#187; text_text_color=&#187;#FCFBF5&#8243; text_font_size=&#187;17px&#187; text_letter_spacing=&#187;2px&#187; text_line_height=&#187;1.3em&#187; text_orientation=&#187;center&#187; custom_margin=&#187;||17px||false|false&#187; global_colors_info=&#187;{}&#187;]<\/p>\n<p>Empathie<\/p>\n<p>[\/et_pb_text][et_pb_image src=&#187;https:\/\/wpentwicklung.nyqaveca.cyon.site\/wp-content\/uploads\/2023\/06\/blume-2-100-1.jpg&#187; title_text=&#187;alle-blumen&#187; module_class=&#187;credo-flower&#187; _builder_version=&#187;4.21.0&#8243; _module_preset=&#187;default&#187; hover_enabled=&#187;0&#8243; global_colors_info=&#187;{}&#187; sticky_enabled=&#187;0&#8243;][\/et_pb_image][\/et_pb_column][\/et_pb_row][\/et_pb_section][et_pb_section fb_built=&#187;1&#8243; disabled_on=&#187;off|off|off&#187; admin_label=&#187;Feature &#8211; Image Left&#187; _builder_version=&#187;4.19.0&#8243; background_color=&#187;#FCFBF5&#8243; min_height=&#187;476.5px&#187; custom_margin=&#187;|||&#187; custom_padding=&#187;100px|0px|100px|0px&#187; global_colors_info=&#187;{}&#187;][et_pb_row column_structure=&#187;1_2,1_2&#8243; use_custom_gutter=&#187;on&#187; gutter_width=&#187;4&#8243; _builder_version=&#187;4.19.0&#8243; custom_padding=&#187;0px||0px||false|false&#187; animation_style=&#187;fade&#187; global_colors_info=&#187;{}&#187;][et_pb_column type=&#187;1_2&#8243; _builder_version=&#187;4.16&#8243; custom_padding=&#187;|||&#187; global_colors_info=&#187;{}&#187; custom_padding__hover=&#187;|||&#187;][et_pb_image src=&#187;https:\/\/wpentwicklung.nyqaveca.cyon.site\/wp-content\/uploads\/2023\/06\/eva-maria_etzensperger.jpg&#187; title_text=&#187;eva-maria_etzensperger&#187; align_tablet=&#187;center&#187; align_phone=&#187;center&#187; align_last_edited=&#187;on|desktop&#187; _builder_version=&#187;4.21.0&#8243; background_image=&#187;https:\/\/wpentwicklung.nyqaveca.cyon.site\/wp-content\/uploads\/2022\/11\/mitarbeiter-hintergrund.svg&#187; animation_style=&#187;fade&#187; global_colors_info=&#187;{}&#187;][\/et_pb_image][et_pb_image src=&#187;https:\/\/wpentwicklung.nyqaveca.cyon.site\/wp-content\/uploads\/2022\/11\/hintergrund-freie-form2.jpg&#187; title_text=&#187;hintergrund-freie-form2&#8243; align_tablet=&#187;center&#187; align_phone=&#187;center&#187; align_last_edited=&#187;on|desktop&#187; _builder_version=&#187;4.19.0&#8243; background_image=&#187;https:\/\/wpentwicklung.nyqaveca.cyon.site\/wp-content\/uploads\/2022\/11\/mitarbeiter-hintergrund.svg&#187; positioning=&#187;absolute&#187; vertical_offset=&#187;8%&#187; horizontal_offset=&#187;-9%&#187; z_index=&#187;-1&#8243; width=&#187;100%&#187; animation_style=&#187;fade&#187; global_colors_info=&#187;{}&#187;][\/et_pb_image][\/et_pb_column][et_pb_column type=&#187;1_2&#8243; _builder_version=&#187;4.16&#8243; custom_padding=&#187;5%|||&#187; global_colors_info=&#187;{}&#187; custom_padding__hover=&#187;|||&#187;][et_pb_text _builder_version=&#187;4.21.0&#8243; text_font=&#187;||||||||&#187; header_font=&#187;||||||||&#187; header_2_font=&#187;Bodoni Moda|700|||||||&#187; header_2_text_color=&#187;#075885&#8243; header_2_font_size=&#187;33px&#187; header_2_letter_spacing=&#187;0.4px&#187; header_2_line_height=&#187;1.1em&#187; header_3_font=&#187;Poppins|600||on|||||&#187; header_3_text_color=&#187;#B6D383&#8243; header_3_font_size=&#187;14px&#187; header_3_letter_spacing=&#187;1px&#187; header_3_line_height=&#187;2em&#187; custom_margin=&#187;||25px||false|false&#187; global_colors_info=&#187;{}&#187;]<\/p>\n<h2>Dr. med. Eva Maria Etzensperger<\/h2>\n<h3>FMH Allgemeine Medizin<\/h3>\n<p>[\/et_pb_text][et_pb_accordion open_toggle_text_color=&#187;#075885&#8243; open_toggle_background_color=&#187;RGBA(36,36,33,0)&#187; closed_toggle_background_color=&#187;RGBA(36,36,33,0)&#187; toggle_icon=&#187;&#x4c;||divi||400&#8243; icon_color=&#187;#075885&#8243; disabled_on=&#187;on|on|on&#187; module_class=&#187;accordion-mitarbeiter&#187; _builder_version=&#187;4.21.0&#8243; _module_preset=&#187;default&#187; toggle_text_color=&#187;#075885&#8243; toggle_font=&#187;Poppins|600||on|||||&#187; toggle_font_size=&#187;14px&#187; toggle_letter_spacing=&#187;1px&#187; toggle_line_height=&#187;2em&#187; body_font=&#187;Poppins|300|||||||&#187; body_text_color=&#187;#242421&#8243; body_font_size=&#187;17px&#187; body_letter_spacing=&#187;1px&#187; body_line_height=&#187;1.8em&#187; background_color=&#187;RGBA(36,36,33,0)&#187; width=&#187;100%&#187; border_width_all=&#187;0px&#187; border_color_top=&#187;#B6D383&#8243; border_width_bottom=&#187;2px&#187; border_color_bottom=&#187;#B6D383&#8243; disabled=&#187;on&#187; global_colors_info=&#187;{}&#187;][et_pb_accordion_item title=&#187;Ausbildung&#187; open=&#187;on&#187; _builder_version=&#187;4.19.0&#8243; _module_preset=&#187;default&#187; global_colors_info=&#187;{}&#187;]<\/p>\n<p>Your content goes here. Edit or remove this text inline or in the module Content settings. You can also style every aspect of this content in the module Design settings and even apply custom CSS to this text in the module Advanced settings.<\/p>\n<p>[\/et_pb_accordion_item][et_pb_accordion_item title=&#187;Portrait&#187; _builder_version=&#187;4.19.0&#8243; _module_preset=&#187;default&#187; global_colors_info=&#187;{}&#187; open=&#187;off&#187;]<\/p>\n<p>Your content goes here. Edit or remove this text inline or in the module Content settings. You can also style every aspect of this content in the module Design settings and even apply custom CSS to this text in the module Advanced settings.<\/p>\n<p>[\/et_pb_accordion_item][\/et_pb_accordion][\/et_pb_column][\/et_pb_row][et_pb_row column_structure=&#187;1_4,1_4,1_4,1_4&#8243; _builder_version=&#187;4.21.0&#8243; _module_preset=&#187;default&#187; global_colors_info=&#187;{}&#187;][et_pb_column type=&#187;1_4&#8243; _builder_version=&#187;4.21.0&#8243; _module_preset=&#187;default&#187; global_colors_info=&#187;{}&#187;][\/et_pb_column][et_pb_column type=&#187;1_4&#8243; _builder_version=&#187;4.21.0&#8243; _module_preset=&#187;default&#187; global_colors_info=&#187;{}&#187;][et_pb_image src=&#187;https:\/\/wpentwicklung.nyqaveca.cyon.site\/wp-content\/uploads\/2023\/06\/vanessa_camporese.jpg&#187; title_text=&#187;vanessa_camporese&#187; force_fullwidth=&#187;on&#187; _builder_version=&#187;4.21.0&#8243; _module_preset=&#187;default&#187; global_colors_info=&#187;{}&#187;][\/et_pb_image][et_pb_text _builder_version=&#187;4.21.0&#8243; _module_preset=&#187;default&#187; text_font=&#187;Poppins|300|||||||&#187; text_text_color=&#187;#242421&#8243; text_font_size=&#187;17px&#187; text_letter_spacing=&#187;1px&#187; text_line_height=&#187;1.8em&#187; header_font=&#187;||||||||&#187; header_2_font=&#187;Bodoni Moda|700|||||||&#187; header_2_text_color=&#187;#075885&#8243; header_2_font_size=&#187;33px&#187; header_2_letter_spacing=&#187;0.4px&#187; header_2_line_height=&#187;1.1em&#187; header_3_font=&#187;Bodoni Moda|600|||||||&#187; header_3_text_color=&#187;#075885&#8243; header_3_letter_spacing=&#187;0.4px&#187; header_3_line_height=&#187;1.1em&#187; header_4_font=&#187;Poppins|||on|||||&#187; header_4_text_color=&#187;#B6D383&#8243; header_4_letter_spacing=&#187;1px&#187; header_4_line_height=&#187;2em&#187; global_colors_info=&#187;{}&#187;]<\/p>\n<h2>Vanessa Camporese<\/h2>\n<h4>MPA<\/h4>\n<p>Sprachen: Deutsch, Italienisch, Spanisch<\/p>\n<p><em>\u00abMein Herz schl\u00e4gt f\u00fcr alte St\u00e4dte &amp; B\u00fccher\u00bb<\/em><\/p>\n<p>[\/et_pb_text][\/et_pb_column][et_pb_column type=&#187;1_4&#8243; _builder_version=&#187;4.21.0&#8243; _module_preset=&#187;default&#187; global_colors_info=&#187;{}&#187;][et_pb_image src=&#187;https:\/\/wpentwicklung.nyqaveca.cyon.site\/wp-content\/uploads\/2023\/06\/sabrina_schmid.jpg&#187; title_text=&#187;sabrina_schmid&#187; force_fullwidth=&#187;on&#187; _builder_version=&#187;4.21.0&#8243; _module_preset=&#187;default&#187; global_colors_info=&#187;{}&#187;][\/et_pb_image][et_pb_text _builder_version=&#187;4.21.0&#8243; _module_preset=&#187;default&#187; text_font=&#187;Poppins|300|||||||&#187; text_text_color=&#187;#242421&#8243; text_font_size=&#187;17px&#187; text_letter_spacing=&#187;1px&#187; text_line_height=&#187;1.8em&#187; header_font=&#187;||||||||&#187; header_2_font=&#187;Bodoni Moda|700|||||||&#187; header_2_text_color=&#187;#075885&#8243; header_2_font_size=&#187;33px&#187; header_2_letter_spacing=&#187;0.4px&#187; header_2_line_height=&#187;1.1em&#187; header_3_font=&#187;Bodoni Moda|600|||||||&#187; header_3_text_color=&#187;#075885&#8243; header_3_letter_spacing=&#187;0.4px&#187; header_3_line_height=&#187;1.1em&#187; header_4_font=&#187;Poppins|||on|||||&#187; header_4_text_color=&#187;#B6D383&#8243; header_4_letter_spacing=&#187;1px&#187; header_4_line_height=&#187;2em&#187; global_colors_info=&#187;{}&#187;]<\/p>\n<h2>Sabrina Schmid<\/h2>\n<h4>MPA<\/h4>\n<p>Sprachen: Deutsch, Englisch<\/p>\n<p><em>\u00abMeine Leidenschaft ist das Reiten und dabei die Natur zu geniessen\u00bb<\/em><\/p>\n<p>[\/et_pb_text][\/et_pb_column][et_pb_column type=&#187;1_4&#8243; _builder_version=&#187;4.21.0&#8243; _module_preset=&#187;default&#187; global_colors_info=&#187;{}&#187;][\/et_pb_column][\/et_pb_row][\/et_pb_section][et_pb_section fb_built=&#187;1&#8243; custom_padding_last_edited=&#187;on|tablet&#187; admin_label=&#187;Free Consultation&#187; _builder_version=&#187;4.21.0&#8243; background_color=&#187;#075885&#8243; background_image=&#187;https:\/\/wpentwicklung.nyqaveca.cyon.site\/wp-content\/uploads\/2022\/11\/geschichte-hintergrundbild.png&#187; background_blend=&#187;multiply&#187; min_height=&#187;370px&#187; custom_padding=&#187;100px|0px|100px|0px|false|false&#187; custom_padding_tablet=&#187;|40px||40px|false|false&#187; custom_padding_phone=&#187;|40px||40px|false|false&#187; background_last_edited=&#187;on|phone&#187; background_position_tablet=&#187;center_left&#187; background_position_phone=&#187;top_left&#187; background_horizontal_offset_tablet=&#187;35%&#187; background_horizontal_offset_phone=&#187;24%&#187; global_colors_info=&#187;{}&#187;][et_pb_row column_structure=&#187;1_2,1_2&#8243; _builder_version=&#187;4.21.0&#8243; width_tablet=&#187;100%&#187; width_phone=&#187;100%&#187; width_last_edited=&#187;on|tablet&#187; custom_padding=&#187;0px||0px||false|false&#187; global_colors_info=&#187;{}&#187;][et_pb_column type=&#187;1_2&#8243; _builder_version=&#187;4.16&#8243; custom_padding=&#187;|||&#187; global_colors_info=&#187;{}&#187; custom_padding__hover=&#187;|||&#187;][et_pb_text _builder_version=&#187;4.21.0&#8243; _module_preset=&#187;default&#187; text_font=&#187;Bodoni Moda|700|||||||&#187; text_text_color=&#187;#FCFBF5&#8243; text_font_size=&#187;33px&#187; text_letter_spacing=&#187;0.4px&#187; text_line_height=&#187;1.3em&#187; text_orientation=&#187;right&#187; text_orientation_tablet=&#187;center&#187; text_orientation_phone=&#187;center&#187; text_orientation_last_edited=&#187;on|tablet&#187; global_colors_info=&#187;{}&#187;]<\/p>\n<p>100 j\u00e4hrige Tradition<\/p>\n<p>[\/et_pb_text][\/et_pb_column][et_pb_column type=&#187;1_2&#8243; _builder_version=&#187;4.16&#8243; custom_padding=&#187;|||&#187; global_colors_info=&#187;{}&#187; custom_padding__hover=&#187;|||&#187;][et_pb_text _builder_version=&#187;4.21.0&#8243; _module_preset=&#187;default&#187; text_font=&#187;Poppins|300|||||||&#187; text_text_color=&#187;#FCFBF5&#8243; text_font_size=&#187;17px&#187; text_letter_spacing=&#187;1px&#187; text_line_height=&#187;1.8em&#187; global_colors_info=&#187;{}&#187;]<\/p>\n<p>Seit \u00fcber 100 Jahren sorgen sich Mediziner im historischen Arzthaus an der ehemaligen Poststrasse,\u00a0 heutige Gr\u00fcnaustrasse im Dorfkern des bekannten Pilgerdorfes Sirnach um die Gesundheit der Dorfbev\u00f6lkerung. 1969 \u00fcbernahm Felix Etzensperger die Praxis von Dr. Angelo Pometta, welcher diese bereits seit 1938 f\u00fchrte. Seit Felix\u2019 pl\u00f6tzlichen Tod im Jahr 2000 f\u00fchrt die j\u00fcngere Tochter Eva Maria die Praxis.<\/p>\n<p>[\/et_pb_text][et_pb_button button_url=&#187;https:\/\/wpentwicklung.nyqaveca.cyon.site\/wp-content\/uploads\/2023\/06\/Chronik_Sirnach_Etzensperger.pdf&#187; url_new_window=&#187;on&#187; button_text=&#187;Chronik pdf&#187; _builder_version=&#187;4.21.0&#8243; _module_preset=&#187;default&#187; custom_button=&#187;on&#187; button_text_size=&#187;14px&#187; button_text_color=&#187;#FCFBF5&#8243; button_bg_color=&#187;#B6D383&#8243; button_border_width=&#187;0px&#187; button_border_radius=&#187;100px&#187; button_letter_spacing=&#187;1px&#187; button_font=&#187;Poppins|600||on|||||&#187; global_module=&#187;480&#8243; saved_tabs=&#187;all&#187; global_colors_info=&#187;{}&#187; button_border_radius__hover_enabled=&#187;on|desktop&#187; button_border_color__hover_enabled=&#187;on|hover&#187; button_bg_color__hover_enabled=&#187;on|hover&#187; button_bg_color__hover=&#187;#7eb26e&#187; button_bg_enable_color__hover=&#187;on&#187; button_border_radius__hover=&#187;100px&#187; button_text_color__hover_enabled=&#187;on|desktop&#187; button_text_color__hover=&#187;#FCFBF5&#8243; button_border_width__hover_enabled=&#187;on|desktop&#187; button_border_width__hover=&#187;0px&#187;][\/et_pb_button][et_pb_button button_url=&#187;https:\/\/www.sirnach.ch\/&#187; url_new_window=&#187;on&#187; button_text=&#187;gemeinde sirnach&#187; _builder_version=&#187;4.21.0&#8243; _module_preset=&#187;default&#187; custom_button=&#187;on&#187; button_text_size=&#187;14px&#187; button_text_color=&#187;#FCFBF5&#8243; button_bg_color=&#187;#B6D383&#8243; button_border_width=&#187;0px&#187; button_border_radius=&#187;100px&#187; button_letter_spacing=&#187;1px&#187; button_font=&#187;Poppins|600||on|||||&#187; global_module=&#187;480&#8243; saved_tabs=&#187;all&#187; global_colors_info=&#187;{}&#187; button_border_radius__hover_enabled=&#187;on|desktop&#187; button_border_color__hover_enabled=&#187;on|hover&#187; button_bg_color__hover_enabled=&#187;on|hover&#187; button_bg_color__hover=&#187;#7eb26e&#187; button_bg_enable_color__hover=&#187;on&#187; button_border_radius__hover=&#187;100px&#187; button_text_color__hover_enabled=&#187;on|desktop&#187; button_text_color__hover=&#187;#FCFBF5&#8243; button_border_width__hover_enabled=&#187;on|desktop&#187; button_border_width__hover=&#187;0px&#187;][\/et_pb_button][\/et_pb_column][\/et_pb_row][\/et_pb_section]<\/p>\n","protected":false},"excerpt":{"rendered":"<p>Die wichtigste Stunde ist immer die Gegenwart, der bedeutendste Mensch immer der, der dir gerade gegen\u00fcbersteht\u2026 Meister EckhartUnser CredoIn meiner Praxis steht der Mensch im Mittelpunkt. Sorgf\u00e4ltig und gewissenhaft k\u00fcmmere ich mich um seine Beschwerden. Ich versuche, den gesamten Menschen ins Auge zu fassen.Im Gespr\u00e4ch erarbeiten wir achtsam das weitere diagnostische und therapeutische Vorgehen. Die [&hellip;]<\/p>\n","protected":false},"author":1,"featured_media":0,"parent":0,"menu_order":0,"comment_status":"closed","ping_status":"closed","template":"","meta":{"_et_pb_use_builder":"on","_et_pb_old_content":"","_et_gb_content_width":"","footnotes":""},"class_list":["post-169","page","type-page","status-publish","hentry"],"acf":[],"_links":{"self":[{"href":"https:\/\/wpentwicklung.nyqaveca.cyon.site\/index.php\/wp-json\/wp\/v2\/pages\/169","targetHints":{"allow":["GET"]}}],"collection":[{"href":"https:\/\/wpentwicklung.nyqaveca.cyon.site\/index.php\/wp-json\/wp\/v2\/pages"}],"about":[{"href":"https:\/\/wpentwicklung.nyqaveca.cyon.site\/index.php\/wp-json\/wp\/v2\/types\/page"}],"author":[{"embeddable":true,"href":"https:\/\/wpentwicklung.nyqaveca.cyon.site\/index.php\/wp-json\/wp\/v2\/users\/1"}],"replies":[{"embeddable":true,"href":"https:\/\/wpentwicklung.nyqaveca.cyon.site\/index.php\/wp-json\/wp\/v2\/comments?post=169"}],"version-history":[{"count":160,"href":"https:\/\/wpentwicklung.nyqaveca.cyon.site\/index.php\/wp-json\/wp\/v2\/pages\/169\/revisions"}],"predecessor-version":[{"id":1068,"href":"https:\/\/wpentwicklung.nyqaveca.cyon.site\/index.php\/wp-json\/wp\/v2\/pages\/169\/revisions\/1068"}],"wp:attachment":[{"href":"https:\/\/wpentwicklung.nyqaveca.cyon.site\/index.php\/wp-json\/wp\/v2\/media?parent=169"}],"curies":[{"name":"wp","href":"https:\/\/api.w.org\/{rel}","templated":true}]}}